{"id":46,"date":"2021-03-28T10:30:18","date_gmt":"2021-03-28T10:30:18","guid":{"rendered":"http:\/\/betanianorte.edu.co\/?page_id=46"},"modified":"2026-03-16T02:07:28","modified_gmt":"2026-03-16T02:07:28","slug":"mision","status":"publish","type":"page","link":"https:\/\/betanianorte.edu.co\/","title":{"rendered":"Mision"},"content":{"rendered":"\n<p>Somos una instituci\u00f3n educativa de car\u00e1cter oficial comprometida con la formaci\u00f3n integral e inclusiva de ni\u00f1os, ni\u00f1as y j\u00f3venes, orientados desde los principios y valores de la fe cristiana, que propende por el desarrollo del liderazgo, del pensamiento cr\u00edtico y las competencias laborales y ciudadanas, para que nuestros estudiantes respondan a las exigencias de la sociedad.<\/p>\n\n\n","protected":false},"excerpt":{"rendered":"<p>Somos una instituci\u00f3n educativa de car\u00e1cter oficial comprometida con la formaci\u00f3n integral e inclusiva de ni\u00f1os, ni\u00f1as y j\u00f3venes, orientados desde los principios y valores de la fe cristiana, que &#8230;<\/p>\n","protected":false},"author":1,"featured_media":0,"parent":0,"menu_order":0,"comment_status":"closed","ping_status":"closed","template":"","meta":[],"_links":{"self":[{"href":"https:\/\/betanianorte.edu.co\/index.php?rest_route=\/wp\/v2\/pages\/46"}],"collection":[{"href":"https:\/\/betanianorte.edu.co\/index.php?rest_route=\/wp\/v2\/pages"}],"about":[{"href":"https:\/\/betanianorte.edu.co\/index.php?rest_route=\/wp\/v2\/types\/page"}],"author":[{"embeddable":true,"href":"https:\/\/betanianorte.edu.co\/index.php?rest_route=\/wp\/v2\/users\/1"}],"replies":[{"embeddable":true,"href":"https:\/\/betanianorte.edu.co\/index.php?rest_route=%2Fwp%2Fv2%2Fcomments&post=46"}],"version-history":[{"count":7,"href":"https:\/\/betanianorte.edu.co\/index.php?rest_route=\/wp\/v2\/pages\/46\/revisions"}],"predecessor-version":[{"id":2184,"href":"https:\/\/betanianorte.edu.co\/index.php?rest_route=\/wp\/v2\/pages\/46\/revisions\/2184"}],"wp:attachment":[{"href":"https:\/\/betanianorte.edu.co\/index.php?rest_route=%2Fwp%2Fv2%2Fmedia&parent=46"}],"curies":[{"name":"wp","href":"https:\/\/api.w.org\/{rel}","templated":true}]}}